{"id":14619,"date":"2024-06-20T15:26:49","date_gmt":"2024-06-20T13:26:49","guid":{"rendered":"https:\/\/eam-scientific.com\/produkt\/ec-hplc-kolonu-analitik-nucleosil-100-7-c2-7-%c2%b5m-250x46-mm\/"},"modified":"2024-06-20T15:26:49","modified_gmt":"2024-06-20T13:26:49","slug":"ec-hplc-kolonu-analitik-nucleosil-100-7-c2-7-%c2%b5m-250x46-mm","status":"publish","type":"product","link":"https:\/\/eam-scientific.com\/tr\/produkt\/ec-hplc-kolonu-analitik-nucleosil-100-7-c2-7-%c2%b5m-250x46-mm\/","title":{"rendered":"EC HPLC kolonu (analitik), NUCLEOSIL 100-7 C2, 7 \u00b5m, 250&#215;4,6 mm"},"content":{"rendered":"<p>HPLC i\u00e7in dimetil modifiye silika jel faz\u0131. RP ve iyon \u00e7ifti kromatografisi i\u00e7in u\u00e7 kaplamas\u0131z faz. Al\u0131konma s\u00fcreleri di\u011fer RP fazlar\u0131na g\u00f6re \u00e7ok daha k\u0131sad\u0131r. Hidrofobik (van der Waals) etkile\u015fimlere dayal\u0131 ay\u0131rma mekanizmas\u0131; fark edilebilir silanol etkile\u015fimleri. Orijinal NUCLEOSIL silika jele dayanmaktad\u0131r. Bu, HPLC i\u00e7in ilk k\u00fcresel silika jellerden biridir ve 1974 y\u0131l\u0131nda MACHEREY-NAGEL taraf\u0131ndan geli\u015ftirilmi\u015ftir. Sadece Almanya&#8217;da \u00fcretilmektedir ve halen d\u00fcnya \u00e7ap\u0131nda kalite kontrolde en s\u0131k kullan\u0131lan HPLC silika jellerinden biridir.<\/p>\n","protected":false},"excerpt":{"rendered":"<p>HPLC i\u00e7in dimetil modifiye silika jel faz\u0131. RP ve iyon \u00e7ifti kromatografisi i\u00e7in u\u00e7 kaplamas\u0131z faz. Al\u0131konma s\u00fcreleri di\u011fer RP fazlar\u0131na g\u00f6re \u00e7ok daha k\u0131sad\u0131r. Hidrofobik (van der Waals) etkile\u015fimlere dayal\u0131 ay\u0131rma mekanizmas\u0131; fark edilebilir silanol etkile\u015fimleri. Orijinal NUCLEOSIL silika jele dayanmaktad\u0131r. Bu, HPLC i\u00e7in ilk k\u00fcresel silika jellerden biridir ve 1974 y\u0131l\u0131nda MACHEREY-NAGEL taraf\u0131ndan [&hellip;]<\/p>\n","protected":false},"featured_media":10870,"comment_status":"open","ping_status":"closed","template":"","meta":[],"product_cat":[121,122,67],"product_tag":[],"class_list":{"0":"post-14619","1":"product","2":"type-product","3":"status-publish","4":"has-post-thumbnail","6":"product_cat-hplc-ve-uhplc","7":"product_cat-hplc-ve-uhplc-kolonlari","8":"product_cat-kromatografi","10":"first","11":"instock","12":"shipping-taxable","13":"product-type-simple"},"_links":{"self":[{"href":"https:\/\/eam-scientific.com\/tr\/wp-json\/wp\/v2\/product\/14619","targetHints":{"allow":["GET"]}}],"collection":[{"href":"https:\/\/eam-scientific.com\/tr\/wp-json\/wp\/v2\/product"}],"about":[{"href":"https:\/\/eam-scientific.com\/tr\/wp-json\/wp\/v2\/types\/product"}],"replies":[{"embeddable":true,"href":"https:\/\/eam-scientific.com\/tr\/wp-json\/wp\/v2\/comments?post=14619"}],"wp:featuredmedia":[{"embeddable":true,"href":"https:\/\/eam-scientific.com\/tr\/wp-json\/wp\/v2\/media\/10870"}],"wp:attachment":[{"href":"https:\/\/eam-scientific.com\/tr\/wp-json\/wp\/v2\/media?parent=14619"}],"wp:term":[{"taxonomy":"product_cat","embeddable":true,"href":"https:\/\/eam-scientific.com\/tr\/wp-json\/wp\/v2\/product_cat?post=14619"},{"taxonomy":"product_tag","embeddable":true,"href":"https:\/\/eam-scientific.com\/tr\/wp-json\/wp\/v2\/product_tag?post=14619"}],"curies":[{"name":"wp","href":"https:\/\/api.w.org\/{rel}","templated":true}]}}