{"id":14685,"date":"2024-06-20T15:29:06","date_gmt":"2024-06-20T13:29:06","guid":{"rendered":"https:\/\/eam-scientific.com\/produkt\/dc-cam-plakalar-silika-jel-tabaka-diyatomlu-toprak-silgur-10x20-cm\/"},"modified":"2024-07-01T22:30:42","modified_gmt":"2024-07-01T20:30:42","slug":"dc-cam-plakalar-silika-jel-tabaka-diyatomlu-toprak-silgur-10x20-cm","status":"publish","type":"product","link":"https:\/\/eam-scientific.com\/tr\/produkt\/dc-cam-plakalar-silika-jel-tabaka-diyatomlu-toprak-silgur-10x20-cm\/","title":{"rendered":"TLC cam plakalar, silika jel tabaka + diyatomlu toprak, SILGUR, 10&#215;20 cm"},"content":{"rendered":"<p>\u00c7ok \u00e7e\u015fitli uygulamalar i\u00e7in \u00e7e\u015fitli plaka boyutlar\u0131nda, de\u011fi\u015ftirilmemi\u015f silika jel (SiOH) ve konsantrasyon b\u00f6lgesi (diyatomlu toprak, diyatomlu toprak veya diyatomit) ile kaplanm\u0131\u015f TLC cam plakalar.<\/p>\n","protected":false},"excerpt":{"rendered":"<p>\u00c7ok \u00e7e\u015fitli uygulamalar i\u00e7in \u00e7e\u015fitli plaka boyutlar\u0131nda, de\u011fi\u015ftirilmemi\u015f silika jel (SiOH) ve konsantrasyon b\u00f6lgesi (diyatomlu toprak, diyatomlu toprak veya diyatomit) ile kaplanm\u0131\u015f TLC cam plakalar.<\/p>\n","protected":false},"featured_media":11118,"comment_status":"open","ping_status":"closed","template":"","meta":[],"product_cat":[133,132,67],"product_tag":[],"class_list":{"0":"post-14685","1":"product","2":"type-product","3":"status-publish","4":"has-post-thumbnail","6":"product_cat-dc-hptlc-plakalari-ve-filmleri","7":"product_cat-ince-tabaka-kromatografisi-tlc","8":"product_cat-kromatografi","10":"first","11":"instock","12":"shipping-taxable","13":"product-type-simple"},"_links":{"self":[{"href":"https:\/\/eam-scientific.com\/tr\/wp-json\/wp\/v2\/product\/14685","targetHints":{"allow":["GET"]}}],"collection":[{"href":"https:\/\/eam-scientific.com\/tr\/wp-json\/wp\/v2\/product"}],"about":[{"href":"https:\/\/eam-scientific.com\/tr\/wp-json\/wp\/v2\/types\/product"}],"replies":[{"embeddable":true,"href":"https:\/\/eam-scientific.com\/tr\/wp-json\/wp\/v2\/comments?post=14685"}],"wp:featuredmedia":[{"embeddable":true,"href":"https:\/\/eam-scientific.com\/tr\/wp-json\/wp\/v2\/media\/11118"}],"wp:attachment":[{"href":"https:\/\/eam-scientific.com\/tr\/wp-json\/wp\/v2\/media?parent=14685"}],"wp:term":[{"taxonomy":"product_cat","embeddable":true,"href":"https:\/\/eam-scientific.com\/tr\/wp-json\/wp\/v2\/product_cat?post=14685"},{"taxonomy":"product_tag","embeddable":true,"href":"https:\/\/eam-scientific.com\/tr\/wp-json\/wp\/v2\/product_tag?post=14685"}],"curies":[{"name":"wp","href":"https:\/\/api.w.org\/{rel}","templated":true}]}}